{"id":44012,"date":"2022-03-07T23:19:16","date_gmt":"2022-03-07T23:19:16","guid":{"rendered":"https:\/\/demo26.houzez.co\/?page_id=44012"},"modified":"2025-04-15T09:00:47","modified_gmt":"2025-04-15T07:00:47","slug":"contact","status":"publish","type":"page","link":"https:\/\/forcanekretnine.com\/en\/contact\/","title":{"rendered":"Contact"},"content":{"rendered":"<div data-elementor-type=\"wp-page\" data-elementor-id=\"44012\" class=\"elementor elementor-44012\">\n\t\t\t\t\t\t<section class=\"elementor-section elementor-top-section elementor-element elementor-element-d7c8eb2 elementor-reverse-mobile elementor-section-boxed elementor-section-height-default elementor-section-height-default elementor-invisible\" data-id=\"d7c8eb2\" data-element_type=\"section\" data-e-type=\"section\" data-settings=\"{&quot;background_background&quot;:&quot;classic&quot;,&quot;animation&quot;:&quot;fadeIn&quot;}\">\n\t\t\t\t\t\t<div class=\"elementor-container elementor-column-gap-wide\">\n\t\t\t\t\t<div class=\"elementor-column elementor-col-100 elementor-top-column elementor-element elementor-element-93dff0a\" data-id=\"93dff0a\" data-element_type=\"column\" data-e-type=\"column\">\n\t\t\t<div class=\"elementor-widget-wrap elementor-element-populated\">\n\t\t\t\t\t\t<div class=\"elementor-element elementor-element-706808c animated-slow elementor-invisible elementor-widget elementor-widget-heading\" data-id=\"706808c\" data-element_type=\"widget\" data-e-type=\"widget\" data-settings=\"{&quot;_animation&quot;:&quot;fadeIn&quot;}\" data-widget_type=\"heading.default\">\n\t\t\t\t\t<h1 class=\"elementor-heading-title elementor-size-default\">Get in touch with us<\/h1>\t\t\t\t<\/div>\n\t\t\t\t<div class=\"elementor-element elementor-element-2deff7a animated-slow elementor-invisible elementor-widget elementor-widget-heading\" data-id=\"2deff7a\" data-element_type=\"widget\" data-e-type=\"widget\" data-settings=\"{&quot;_animation&quot;:&quot;fadeIn&quot;}\" data-widget_type=\"heading.default\">\n\t\t\t\t\t<div class=\"elementor-heading-title elementor-size-default\">For any questions please contact us via contact form.\n<br>\nWe will get back to You as soon as possible.<\/div>\t\t\t\t<\/div>\n\t\t\t\t<div class=\"elementor-element elementor-element-edca53f elementor-hidden-mobile elementor-widget elementor-widget-spacer\" data-id=\"edca53f\" data-element_type=\"widget\" data-e-type=\"widget\" data-widget_type=\"spacer.default\">\n\t\t\t\t\t\t\t<div class=\"elementor-spacer\">\n\t\t\t<div class=\"elementor-spacer-inner\"><\/div>\n\t\t<\/div>\n\t\t\t\t\t\t<\/div>\n\t\t\t\t<section class=\"elementor-section elementor-inner-section elementor-element elementor-element-f8969aa elementor-section-full_width elementor-section-height-default elementor-section-height-default\" data-id=\"f8969aa\" data-element_type=\"section\" data-e-type=\"section\">\n\t\t\t\t\t\t<div class=\"elementor-container elementor-column-gap-no\">\n\t\t\t\t\t<div class=\"elementor-column elementor-col-33 elementor-inner-column elementor-element elementor-element-a645b1b\" data-id=\"a645b1b\" data-element_type=\"column\" data-e-type=\"column\">\n\t\t\t<div class=\"elementor-widget-wrap elementor-element-populated\">\n\t\t\t\t\t\t<div class=\"elementor-element elementor-element-0fa1982 elementor-button-align-stretch elementor-widget elementor-widget-houzez_elementor_contact_form\" data-id=\"0fa1982\" data-element_type=\"widget\" data-e-type=\"widget\" data-widget_type=\"houzez_elementor_contact_form.default\">\n\t\t\t\t<div class=\"elementor-widget-container\">\n\t\t\t\t\t\n        <script type=\"application\/javascript\">\n            jQuery(document).bind(\"ready\", function () {\n                houzezValidateElementor(\"#houzez-form-0fa1982\" );\n            });\n        <\/script>\n\n        <form class=\"elementor-form\" id=\"houzez-form-0fa1982\" method=\"post\" name=\"Kontaktirajte nas\" action=\"https:\/\/forcanekretnine.com\/wp-admin\/admin-ajax.php\">\n            <input type=\"hidden\" name=\"form_id\" value=\"0fa1982\"\/>\n            <input type=\"hidden\" name=\"houzez_contact_form\" value=\"yes\"\/>\n            <input type=\"hidden\" name=\"action\" value=\"houzez_ele_contact_form\" \/>\n            <input type=\"hidden\" name=\"source_link\" value=\"https:\/\/forcanekretnine.com\/en\/contact\/\" \/>\n            <input type=\"hidden\" name=\"lead_page_id\" value=\"44012\" \/>\n            <input type=\"hidden\" name=\"email_to\" value=\"forcanekretnine@hotmail.com\" \/>\n            <input type=\"hidden\" name=\"email_subject\" value=\"Poruka s web stranice FORCA NEKRETNINE\" \/>\n            <input type=\"hidden\" name=\"email_to_cc\" value=\"\" \/>\n            <input type=\"hidden\" name=\"email_to_bcc\" value=\"ana.matijasevic@hotmail.com\" \/>\n            <input type=\"hidden\" name=\"webhook\" value=\"false\" \/>\n            <input type=\"hidden\" name=\"webhook_url\" value=\"\" \/>\n            <input type=\"hidden\" name=\"redirect_to\" value=\"\" \/>\n            <input type=\"hidden\" name=\"google_recaptcha\" value=\"yes\" \/>\n            \n\n            <div class=\"elementor-form-fields-wrapper elementor-labels-above\">\n\n                                    <div class=\"elementor-field-group elementor-column form-group elementor-field-group-name elementor-col-100 elementor-field-required\">\n                    <label for=\"form-field-name\" class=\"elementor-field-label elementor-screen-only\">Ime i prezime<\/label><input type=\"text\" name=\"name\" id=\"form-field-name\" class=\"elementor-field form-control elementor-size-md elementor-field-textual\" placeholder=\"Your name and surname *\" title=\"* Name and surname\" required=\"required\">                    <\/div>\n\n                                        <div class=\"elementor-field-group elementor-column form-group elementor-field-group-email elementor-col-50 elementor-field-required\">\n                    <label for=\"form-field-email\" class=\"elementor-field-label elementor-screen-only\">E-mail<\/label><input type=\"email\" name=\"email\" id=\"form-field-email\" class=\"elementor-field form-control elementor-size-md elementor-field-textual\" placeholder=\"Your e-mail *\" title=\"* E-mail\" required=\"required\">                    <\/div>\n\n                                        <div class=\"elementor-field-group elementor-column form-group elementor-field-group-ac2e031 elementor-col-50\">\n                    <label for=\"form-field-ac2e031\" class=\"elementor-field-label elementor-screen-only\">Phone<\/label><input type=\"text\" name=\"mobile\" id=\"form-field-ac2e031\" class=\"elementor-field form-control elementor-size-md elementor-field-textual\" placeholder=\"Your phone\" title=\"* Phone\">                    <\/div>\n\n                                        <div class=\"elementor-field-group elementor-column form-group elementor-field-group-message elementor-col-100 elementor-field-required\">\n                    <label for=\"form-field-message\" class=\"elementor-field-label elementor-screen-only\">Poruka<\/label><textarea class=\"elementor-field-textual elementor-field elementor-size-md\" name=\"message\" id=\"form-field-message\" rows=\"4\" placeholder=\"Your message *\" required=\"required\" title=\"* Message\"><\/textarea>                    <\/div>\n\n                    \n                    \n                                        <div class=\"elementor-field-group\">\n                        <div class=\"form-group captcha_wrapper houzez-grecaptcha-v2\">\n    <div class=\"houzez_google_reCaptcha\"><\/div>\n<\/div>\n                    <\/div>\n                    \n                    <div class=\"elementor-field-group elementor-column elementor-field-type-submit elementor-col-100\">\n                    <button type=\"submit\" class=\"btn houzez-submit-button houzez-contact-form-js elementor-button elementor-size-md\">\n                        <i class=\"btn-loader houzez-loader-js\"><\/i>\n                                                    SEND                                            <\/button>\n                <\/div>\n            <\/div><!-- End wrapper-->\n            <br\/>\n            <div class=\"ele-form-messages\"><\/div>\n            <div class=\"error-container\"><\/div>\n\n        <\/form>\n\n    \t\t\t\t<\/div>\n\t\t\t\t<\/div>\n\t\t\t\t<div class=\"elementor-element elementor-element-0f3f74e elementor-widget elementor-widget-spacer\" data-id=\"0f3f74e\" data-element_type=\"widget\" data-e-type=\"widget\" data-widget_type=\"spacer.default\">\n\t\t\t\t\t\t\t<div class=\"elementor-spacer\">\n\t\t\t<div class=\"elementor-spacer-inner\"><\/div>\n\t\t<\/div>\n\t\t\t\t\t\t<\/div>\n\t\t\t\t\t<\/div>\n\t\t<\/div>\n\t\t\t\t<div class=\"elementor-column elementor-col-33 elementor-inner-column elementor-element elementor-element-de052a5\" data-id=\"de052a5\" data-element_type=\"column\" data-e-type=\"column\">\n\t\t\t<div class=\"elementor-widget-wrap\">\n\t\t\t\t\t\t\t<\/div>\n\t\t<\/div>\n\t\t\t\t<div class=\"elementor-column elementor-col-33 elementor-inner-column elementor-element elementor-element-d16178c\" data-id=\"d16178c\" data-element_type=\"column\" data-e-type=\"column\">\n\t\t\t<div class=\"elementor-widget-wrap elementor-element-populated\">\n\t\t\t\t\t\t<div class=\"elementor-element elementor-element-62aee6d elementor-widget elementor-widget-google_maps\" data-id=\"62aee6d\" data-element_type=\"widget\" data-e-type=\"widget\" data-widget_type=\"google_maps.default\">\n\t\t\t\t\t\t\t<div class=\"elementor-custom-embed\">\n\t\t\t<iframe loading=\"lazy\" src=\"about:blank\" title=\"Forca nekretnine\" aria-label=\"Forca nekretnine\" class=\"lazyload\" data-src=\"https:\/\/maps.google.com\/maps?q=Forca%20nekretnine&#038;t=m&#038;z=15&#038;output=embed&#038;iwloc=near\"><\/iframe>\n\t\t<\/div>\n\t\t\t\t\t\t<\/div>\n\t\t\t\t<div class=\"elementor-element elementor-element-0fd4449 animated-slow elementor-mobile-align-center elementor-icon-list--layout-traditional elementor-list-item-link-full_width elementor-invisible elementor-widget elementor-widget-icon-list\" data-id=\"0fd4449\" data-element_type=\"widget\" data-e-type=\"widget\" data-settings=\"{&quot;_animation&quot;:&quot;fadeInUp&quot;}\" data-widget_type=\"icon-list.default\">\n\t\t\t\t\t\t\t<ul class=\"elementor-icon-list-items\">\n\t\t\t\t\t\t\t<li class=\"elementor-icon-list-item\">\n\t\t\t\t\t\t\t\t\t\t\t<span class=\"elementor-icon-list-icon\">\n\t\t\t\t\t\t\t<svg xmlns=\"http:\/\/www.w3.org\/2000\/svg\" xmlns:xlink=\"http:\/\/www.w3.org\/1999\/xlink\" width=\"49px\" height=\"60px\" viewbox=\"0 0 49 60\"><title>pin<\/title><g id=\"Page-1\" stroke=\"none\" stroke-width=\"1\" fill=\"none\" fill-rule=\"evenodd\" stroke-linecap=\"round\" stroke-linejoin=\"round\"><g id=\"pin\" transform=\"translate(2.000000, 2.000000)\" stroke=\"#02547D\" stroke-width=\"3.75\"><circle id=\"Oval\" cx=\"22.5\" cy=\"22.4999997\" r=\"11.25\"><\/circle><path d=\"M45,22.5 C45,42.2499997 27.67,53.3274997 23.4275,55.7499997 C22.8519705,56.0787468 22.1455295,56.0787468 21.57,55.7499997 C17.3275,53.3249997 0,42.2449997 0,22.5 C0,10.0735929 10.0735933,0 22.5,0 C34.9264067,0 45,10.0735929 45,22.5 L45,22.5 Z\" id=\"Path\"><\/path><\/g><\/g><\/svg>\t\t\t\t\t\t<\/span>\n\t\t\t\t\t\t\t\t\t\t<span class=\"elementor-icon-list-text\">Ulica Stjepana Radi\u0107a 17, 21300 Makarska<\/span>\n\t\t\t\t\t\t\t\t\t<\/li>\n\t\t\t\t\t\t\t\t<li class=\"elementor-icon-list-item\">\n\t\t\t\t\t\t\t\t\t\t\t<a href=\"tel:+385911111919\">\n\n\t\t\t\t\t\t\t\t\t\t\t\t<span class=\"elementor-icon-list-icon\">\n\t\t\t\t\t\t\t<svg xmlns=\"http:\/\/www.w3.org\/2000\/svg\" xmlns:xlink=\"http:\/\/www.w3.org\/1999\/xlink\" width=\"61px\" height=\"61px\" viewbox=\"0 0 61 61\"><title>icon-phone-circle@60x60<\/title><g id=\"Page-1\" stroke=\"none\" stroke-width=\"1\" fill=\"none\" fill-rule=\"evenodd\" stroke-linecap=\"round\" stroke-linejoin=\"round\"><g id=\"icon-phone-circle@60x60\" transform=\"translate(2.000000, 2.000000)\" stroke=\"#02547D\" stroke-width=\"3.75\"><path d=\"M33.4739992,42.3465773 L33.4939992,42.3465773 C36.6838574,44.3769287 40.8560387,43.9185501 43.5289992,41.2440773 L44.6589992,40.1165773 C45.7083538,39.0662657 45.7083538,37.364389 44.6589992,36.3140773 L39.9089992,31.5640773 C38.8586876,30.5147228 37.1568108,30.5147228 36.1064992,31.5640773 L36.1064992,31.5640773 C35.0553302,32.6137186 33.3526682,32.6137186 32.3014992,31.5640773 L24.6964992,23.9565773 C23.6471447,22.9062657 23.6471447,21.204389 24.6964992,20.1540773 L24.6964992,20.1540773 C25.7458538,19.1037657 25.7458538,17.401889 24.6964992,16.3515773 L19.9464992,11.6015773 C19.4422609,11.0931411 18.7561134,10.8067341 18.0400389,10.8057932 C17.3239644,10.8048571 16.6370685,11.0894646 16.1314992,11.5965773 L15.0014992,12.7240773 C12.3292299,15.3993416 11.8720557,19.5710568 13.9014992,22.7615773 L13.9014992,22.7790773 C19.1153768,30.4923255 25.7594191,37.1346706 33.4739992,42.3465773 L33.4739992,42.3465773 Z\" id=\"Path\"><\/path><path d=\"M50.6314992,45.0065773 C58.4590444,34.5708165 58.0840013,20.1225449 49.7255865,10.1069336 C41.3671717,0.0913222915 27.219173,-2.86288555 15.5512488,2.97107653 C3.88332465,8.80503861 -2.24210829,21.8959623 0.755331864,34.5920609 C3.75277202,47.2881595 15.0863634,56.257157 28.1314992,56.2565773 C39.1764992,56.2565773 44.2464992,50.9165773 41.1689992,42.8965773\" id=\"Path\"><\/path><\/g><\/g><\/svg>\t\t\t\t\t\t<\/span>\n\t\t\t\t\t\t\t\t\t\t<span class=\"elementor-icon-list-text\">+385 91 111 1919<\/span>\n\t\t\t\t\t\t\t\t\t\t\t<\/a>\n\t\t\t\t\t\t\t\t\t<\/li>\n\t\t\t\t\t\t\t\t<li class=\"elementor-icon-list-item\">\n\t\t\t\t\t\t\t\t\t\t\t<a href=\"tel:+385911111919\">\n\n\t\t\t\t\t\t\t\t\t\t\t\t<span class=\"elementor-icon-list-icon\">\n\t\t\t\t\t\t\t<svg xmlns=\"http:\/\/www.w3.org\/2000\/svg\" xmlns:xlink=\"http:\/\/www.w3.org\/1999\/xlink\" width=\"61px\" height=\"61px\" viewbox=\"0 0 61 61\"><title>icon-phone-circle@60x60<\/title><g id=\"Page-1\" stroke=\"none\" stroke-width=\"1\" fill=\"none\" fill-rule=\"evenodd\" stroke-linecap=\"round\" stroke-linejoin=\"round\"><g id=\"icon-phone-circle@60x60\" transform=\"translate(2.000000, 2.000000)\" stroke=\"#02547D\" stroke-width=\"3.75\"><path d=\"M33.4739992,42.3465773 L33.4939992,42.3465773 C36.6838574,44.3769287 40.8560387,43.9185501 43.5289992,41.2440773 L44.6589992,40.1165773 C45.7083538,39.0662657 45.7083538,37.364389 44.6589992,36.3140773 L39.9089992,31.5640773 C38.8586876,30.5147228 37.1568108,30.5147228 36.1064992,31.5640773 L36.1064992,31.5640773 C35.0553302,32.6137186 33.3526682,32.6137186 32.3014992,31.5640773 L24.6964992,23.9565773 C23.6471447,22.9062657 23.6471447,21.204389 24.6964992,20.1540773 L24.6964992,20.1540773 C25.7458538,19.1037657 25.7458538,17.401889 24.6964992,16.3515773 L19.9464992,11.6015773 C19.4422609,11.0931411 18.7561134,10.8067341 18.0400389,10.8057932 C17.3239644,10.8048571 16.6370685,11.0894646 16.1314992,11.5965773 L15.0014992,12.7240773 C12.3292299,15.3993416 11.8720557,19.5710568 13.9014992,22.7615773 L13.9014992,22.7790773 C19.1153768,30.4923255 25.7594191,37.1346706 33.4739992,42.3465773 L33.4739992,42.3465773 Z\" id=\"Path\"><\/path><path d=\"M50.6314992,45.0065773 C58.4590444,34.5708165 58.0840013,20.1225449 49.7255865,10.1069336 C41.3671717,0.0913222915 27.219173,-2.86288555 15.5512488,2.97107653 C3.88332465,8.80503861 -2.24210829,21.8959623 0.755331864,34.5920609 C3.75277202,47.2881595 15.0863634,56.257157 28.1314992,56.2565773 C39.1764992,56.2565773 44.2464992,50.9165773 41.1689992,42.8965773\" id=\"Path\"><\/path><\/g><\/g><\/svg>\t\t\t\t\t\t<\/span>\n\t\t\t\t\t\t\t\t\t\t<span class=\"elementor-icon-list-text\">+385 91 285 4455<\/span>\n\t\t\t\t\t\t\t\t\t\t\t<\/a>\n\t\t\t\t\t\t\t\t\t<\/li>\n\t\t\t\t\t\t<\/ul>\n\t\t\t\t\t\t<\/div>\n\t\t\t\t<div class=\"elementor-element elementor-element-d216944 elementor-widget elementor-widget-heading\" data-id=\"d216944\" data-element_type=\"widget\" data-e-type=\"widget\" data-widget_type=\"heading.default\">\n\t\t\t\t\t<p class=\"elementor-heading-title elementor-size-default\">PRONA\u0110ITE NAS NA<\/p>\t\t\t\t<\/div>\n\t\t\t\t<div class=\"elementor-element elementor-element-fffa562 elementor-shape-circle e-grid-align-left e-grid-align-mobile-center elementor-grid-0 elementor-invisible elementor-widget elementor-widget-social-icons\" data-id=\"fffa562\" data-element_type=\"widget\" data-e-type=\"widget\" data-settings=\"{&quot;_animation&quot;:&quot;fadeInUp&quot;}\" data-widget_type=\"social-icons.default\">\n\t\t\t\t\t\t\t<div class=\"elementor-social-icons-wrapper elementor-grid\" role=\"list\">\n\t\t\t\t\t\t\t<span class=\"elementor-grid-item\" role=\"listitem\">\n\t\t\t\t\t<a class=\"elementor-icon elementor-social-icon elementor-social-icon-instagram elementor-repeater-item-46820de\" href=\"https:\/\/www.instagram.com\/forcanekretnine\" target=\"_blank\">\n\t\t\t\t\t\t<span class=\"elementor-screen-only\">Instagram<\/span>\n\t\t\t\t\t\t<svg aria-hidden=\"true\" class=\"e-font-icon-svg e-fab-instagram\" viewbox=\"0 0 448 512\" xmlns=\"http:\/\/www.w3.org\/2000\/svg\"><path d=\"M224.1 141c-63.6 0-114.9 51.3-114.9 114.9s51.3 114.9 114.9 114.9S339 319.5 339 255.9 287.7 141 224.1 141zm0 189.6c-41.1 0-74.7-33.5-74.7-74.7s33.5-74.7 74.7-74.7 74.7 33.5 74.7 74.7-33.6 74.7-74.7 74.7zm146.4-194.3c0 14.9-12 26.8-26.8 26.8-14.9 0-26.8-12-26.8-26.8s12-26.8 26.8-26.8 26.8 12 26.8 26.8zm76.1 27.2c-1.7-35.9-9.9-67.7-36.2-93.9-26.2-26.2-58-34.4-93.9-36.2-37-2.1-147.9-2.1-184.9 0-35.8 1.7-67.6 9.9-93.9 36.1s-34.4 58-36.2 93.9c-2.1 37-2.1 147.9 0 184.9 1.7 35.9 9.9 67.7 36.2 93.9s58 34.4 93.9 36.2c37 2.1 147.9 2.1 184.9 0 35.9-1.7 67.7-9.9 93.9-36.2 26.2-26.2 34.4-58 36.2-93.9 2.1-37 2.1-147.8 0-184.8zM398.8 388c-7.8 19.6-22.9 34.7-42.6 42.6-29.5 11.7-99.5 9-132.1 9s-102.7 2.6-132.1-9c-19.6-7.8-34.7-22.9-42.6-42.6-11.7-29.5-9-99.5-9-132.1s-2.6-102.7 9-132.1c7.8-19.6 22.9-34.7 42.6-42.6 29.5-11.7 99.5-9 132.1-9s102.7-2.6 132.1 9c19.6 7.8 34.7 22.9 42.6 42.6 11.7 29.5 9 99.5 9 132.1s2.7 102.7-9 132.1z\"><\/path><\/svg>\t\t\t\t\t<\/a>\n\t\t\t\t<\/span>\n\t\t\t\t\t\t\t<span class=\"elementor-grid-item\" role=\"listitem\">\n\t\t\t\t\t<a class=\"elementor-icon elementor-social-icon elementor-social-icon-facebook-f elementor-repeater-item-0e3d5fc\" href=\"https:\/\/www.facebook.com\/forcanekretnine\" target=\"_blank\">\n\t\t\t\t\t\t<span class=\"elementor-screen-only\">Facebook-f<\/span>\n\t\t\t\t\t\t<svg aria-hidden=\"true\" class=\"e-font-icon-svg e-fab-facebook-f\" viewbox=\"0 0 320 512\" xmlns=\"http:\/\/www.w3.org\/2000\/svg\"><path d=\"M279.14 288l14.22-92.66h-88.91v-60.13c0-25.35 12.42-50.06 52.24-50.06h40.42V6.26S260.43 0 225.36 0c-73.22 0-121.08 44.38-121.08 124.72v70.62H22.89V288h81.39v224h100.17V288z\"><\/path><\/svg>\t\t\t\t\t<\/a>\n\t\t\t\t<\/span>\n\t\t\t\t\t<\/div>\n\t\t\t\t\t\t<\/div>\n\t\t\t\t\t<\/div>\n\t\t<\/div>\n\t\t\t\t\t<\/div>\n\t\t<\/section>\n\t\t\t\t\t<\/div>\n\t\t<\/div>\n\t\t\t\t\t<\/div>\n\t\t<\/section>\n\t\t\t\t<section class=\"elementor-section elementor-top-section elementor-element elementor-element-acb3368 elementor-section-boxed elementor-section-height-default elementor-section-height-default\" data-id=\"acb3368\" data-element_type=\"section\" data-e-type=\"section\" data-settings=\"{&quot;background_background&quot;:&quot;classic&quot;}\">\n\t\t\t\t\t\t<div class=\"elementor-container elementor-column-gap-no\">\n\t\t\t\t\t<div class=\"elementor-column elementor-col-100 elementor-top-column elementor-element elementor-element-2baafe6\" data-id=\"2baafe6\" data-element_type=\"column\" data-e-type=\"column\">\n\t\t\t<div class=\"elementor-widget-wrap\">\n\t\t\t\t\t\t\t<\/div>\n\t\t<\/div>\n\t\t\t\t\t<\/div>\n\t\t<\/section>\n\t\t\t\t<\/div>","protected":false},"excerpt":{"rendered":"<p>Kontaktirajte nas Za sva pitanja slobodno nas kontaktirajte putem kontakt obrasca. Odgovorit \u0107emo Vam u najkra\u0107em mogu\u0107em roku. Ime i prezime E-mail Telefon Poruka Po\u0161alji pin Ulica Stjepana Radi\u0107a 17, 21300 Makarska icon-phone-circle@60&#215;60 +385 91 111 1919 icon-phone-circle@60&#215;60 +385 91 285 4455 PRONA\u0110ITE NAS NA Instagram Facebook-f<\/p>","protected":false},"author":1,"featured_media":0,"parent":0,"menu_order":0,"comment_status":"closed","ping_status":"closed","template":"elementor_header_footer","meta":{"footnotes":""},"class_list":["post-44012","page","type-page","status-publish","hentry"],"_links":{"self":[{"href":"https:\/\/forcanekretnine.com\/en\/wp-json\/wp\/v2\/pages\/44012","targetHints":{"allow":["GET"]}}],"collection":[{"href":"https:\/\/forcanekretnine.com\/en\/wp-json\/wp\/v2\/pages"}],"about":[{"href":"https:\/\/forcanekretnine.com\/en\/wp-json\/wp\/v2\/types\/page"}],"author":[{"embeddable":true,"href":"https:\/\/forcanekretnine.com\/en\/wp-json\/wp\/v2\/users\/1"}],"replies":[{"embeddable":true,"href":"https:\/\/forcanekretnine.com\/en\/wp-json\/wp\/v2\/comments?post=44012"}],"version-history":[{"count":0,"href":"https:\/\/forcanekretnine.com\/en\/wp-json\/wp\/v2\/pages\/44012\/revisions"}],"wp:attachment":[{"href":"https:\/\/forcanekretnine.com\/en\/wp-json\/wp\/v2\/media?parent=44012"}],"curies":[{"name":"wp","href":"https:\/\/api.w.org\/{rel}","templated":true}]}}